{"id":27,"date":"2018-06-26T16:11:25","date_gmt":"2018-06-26T14:11:25","guid":{"rendered":"https:\/\/newcbp.lu\/?page_id=27"},"modified":"2025-04-25T10:49:55","modified_gmt":"2025-04-25T08:49:55","slug":"mentions-legales","status":"publish","type":"page","link":"https:\/\/newcbp.lu\/?page_id=27","title":{"rendered":"Mentions l\u00e9gales"},"content":{"rendered":"\t\t<div data-elementor-type=\"wp-post\" data-elementor-id=\"27\" class=\"elementor elementor-27\">\n\t\t\t\t\t\t<section class=\"elementor-section elementor-top-section elementor-element elementor-element-1e5302e elementor-section-boxed elementor-section-height-default elementor-section-height-default\" data-id=\"1e5302e\" data-element_type=\"section\">\n\t\t\t\t\t\t<div class=\"elementor-container elementor-column-gap-default\">\n\t\t\t\t\t<div class=\"elementor-column elementor-col-100 elementor-top-column elementor-element elementor-element-4d71e56\" data-id=\"4d71e56\" data-element_type=\"column\">\n\t\t\t<div class=\"elementor-widget-wrap elementor-element-populated\">\n\t\t\t\t\t\t<div class=\"elementor-element elementor-element-a3b8cd1 elementor-widget elementor-widget-text-editor\" data-id=\"a3b8cd1\" data-element_type=\"widget\" data-widget_type=\"text-editor.default\">\n\t\t\t\t<div class=\"elementor-widget-container\">\n\t\t\t\t\t\t\t\t\t<p><u>\u00c9diteur du site :<\/u><\/p>\n<p><b style=\"font-size: inherit;\">New CBP<\/b><\/p>\n<p><span style=\"font-size: inherit;\">Forme sociale : S\u00e0rl<\/span><span style=\"font-size: inherit;\"><br><\/span><span style=\"font-size: inherit;\">Si\u00e8ge social : 13 Rue Simon Bolivar<br>L-4037 Esch-sur-Alzette (Esch-Uelzecht)<br>Luxembourg<\/span><\/p>\n<p><span style=\"font-size: inherit;\">T\u00e9l\u00e9phone : <a href=\"tel:+35254183122\">+352 54 18 31 22<\/a><br><\/span><span style=\"font-size: inherit;\">Mail : <a href=\"mailto:contact@newcbp.lu\">contact@newcbp.lu<\/a><br><\/span>RCSL : B24698<br><span style=\"font-size: inherit;\">N\u00b0 Identification TVA : LU 132415-72<\/span><\/p>\n<p><u>Objet :<\/u><\/p>\n<p><span style=\"font-size: inherit;\">Le pr\u00e9sent site internet a pour objet de fournir des informations sur les activit\u00e9s, les m\u00e9tiers, les annonces et les services de <b>NewCBP<\/b>.<br><\/span><span style=\"font-size: inherit;\">La consultation du site internet <a href=\"https:\/\/newcbp.lu\/\">newcbp.lu<\/a> suppose l\u2019acceptation sans r\u00e9serve des pr\u00e9sentes conditions d\u2019utilisation.<\/span><\/p>\n<p><span style=\"font-size: inherit;\"><u>Propri\u00e9t\u00e9 intellectuelle :<\/u><\/span><\/p>\n<p><span style=\"font-size: inherit;\">La structure g\u00e9n\u00e9rale, ainsi que les logiciels, textes, photos, images anim\u00e9es ou non, sons, savoir faire, dessins, graphismes et tous autres \u00e9l\u00e9ments composants le site sont la propri\u00e9t\u00e9 exclusive de <b>NewCBP<\/b> et de ses partenaires.<br><\/span><span style=\"font-size: inherit;\">Les utilisateurs du pr\u00e9sent site sont tenus de respecter les dispositions de la loi relative \u00e0 l\u2019Informatique, aux fichiers et aux libert\u00e9s, dont la violation est passible de sanctions p\u00e9nales.<br><\/span><span style=\"font-size: inherit;\">Toute repr\u00e9sentation totale ou partielle de ce site par quelque proc\u00e9d\u00e9 que ce soit, sans l\u2019autorisation expresse de l\u2019\u00e9diteur est interdite et constituerait une contrefa\u00e7on.<br><\/span><span style=\"font-size: inherit;\">Il en est de m\u00eame des bases de donn\u00e9es figurant sur le site web, qui sont prot\u00e9g\u00e9es par les dispositions de la loi luxembourgeoise du 18 avril 2004 modifiant celle du 18 avril 2001 sur les droits d\u2019auteur, les droits voisins et les bases de donn\u00e9es.<br><\/span><span style=\"font-size: inherit;\">La marque ou l\u2019enseigne commerciale <b>NewCBP <\/b>ainsi que les logos figurant sur le site sont des marques d\u00e9pos\u00e9es ou sont la propri\u00e9t\u00e9 de ses partenaires.<br><\/span><span style=\"font-size: inherit;\">Toute reproduction totale ou partielle de ces marques ou de ces logos, effectu\u00e9e \u00e0 partir des \u00e9l\u00e9ments du site sans l\u2019autorisation expresse de <b>NewCBP<\/b>&nbsp;est donc prohib\u00e9e.<\/span><\/p>\n<p><span style=\"font-size: inherit;\"><u>Contenu \u00e9ditorial :<\/u><\/span><\/p>\n<p><span style=\"font-size: inherit;\">Le site s\u2019efforce d\u2019assurer l\u2019exactitude et la mise \u00e0 jour des informations diffus\u00e9es et d\u00e9cline toute responsabilit\u00e9 pour toute impr\u00e9cision, inexactitude ou omission ainsi que pour tous dommages r\u00e9sultant d\u2019une introduction frauduleuse d\u2019un tiers ayant entra\u00een\u00e9 une modification des informations mises \u00e0 disposition.<br><\/span><span style=\"font-size: inherit;\">Le contenu \u00e9ditorial du site est \u00e0 but informatif et non contractuel et peut \u00eatre modifi\u00e9, sans recours ni pr\u00e9avis.<br><\/span><span style=\"font-size: inherit;\">L\u2019\u00e9diteur s\u2019engage \u00e0 mettre tous les moyens humains, techniques et financiers pour assurer la fiabilit\u00e9 des informations publi\u00e9es sur le site. Il ne peut en aucun cas \u00eatre tenu pour responsable pour toute erreur, omission, inexactitude, indisponibilit\u00e9 ou d\u00e9faut d\u2019affichage de ces derni\u00e8res.<br><\/span><span style=\"font-size: inherit;\">Ces informations ne constituent en aucun cas une assertion, une garantie ou un quelconque engagement de la part de l\u2019\u00e9diteur.<\/span><\/p>\n<p><span style=\"font-size: inherit;\"><u>Droits et devoirs de l&rsquo;utilisateur :<\/u><\/span><span style=\"font-size: inherit;\"><br><\/span><\/p>\n<p><span style=\"font-size: inherit;\">L\u2019utilisateur du pr\u00e9sent site reconna\u00eet disposer de la comp\u00e9tence des moyens n\u00e9cessaires pour acc\u00e9der \u00e0 ce site, l\u2019utiliser et avoir v\u00e9rifi\u00e9 que la configuration informatique utilis\u00e9e ne contient aucun virus et qu\u2019elle est en parfait \u00e9tat de fonctionnement.<br><\/span><span style=\"font-size: inherit;\">L\u2019utilisateur est inform\u00e9 que lors de ses visites, le site collecte des informations destin\u00e9es \u00e0 \u2019\u00e9tablissement de statistiques de trafic. Un cookie peut s\u2019installer automatiquement sur son logiciel de navigation.<br><\/span><span style=\"font-size: inherit;\">Le cookie est un bloc de donn\u00e9es qui ne permet pas de l\u2019identifier mais qui sert \u00e0 enregistrer des informations relatives \u00e0 la navigation de celui-ci sur le site.<br><\/span><span style=\"font-size: inherit;\">La collecte d\u2019informations personnelles sur le site s\u2019effectue en conformit\u00e9 avec les r\u00e8gles en vigueur au Grand Duch\u00e9 du Luxembourg relatives \u00e0 l\u2019informatique, aux fichiers et aux libert\u00e9s.<br><\/span><span style=\"font-size: inherit;\">Conform\u00e9ment aux lois en vigueur l\u2019utilisateur dispose d\u2019un droit d\u2019acc\u00e8s, de rectification ou de suppression aux donn\u00e9es personnelles le concernant en contactant l\u2019\u00e9diteur du site.<\/span><\/p>\n<p><span style=\"font-size: inherit;\"><u>Liens hypertextes :<\/u><\/span><\/p>\n<p><span style=\"font-size: inherit;\">Les liens hypertextes mis en place dans le cadre du site internet en direction d\u2019autres ressources pr\u00e9sentes sur le r\u00e9seau internet ont fait l\u2019objet d\u2019une autorisation pr\u00e9alable, expresse et \u00e9crite. Les utilisateurs du site internet ne peuvent mettre en place un lien hypertexte en direction du site sans l\u2019autorisation expresse, \u00e9crite et pr\u00e9alable de l\u2019\u00e9diteur.<\/span><\/p>\n<p><span style=\"font-size: inherit;\"><u>Disponibilit\u00e9 des services :<\/u><\/span><\/p>\n<p><span style=\"font-size: inherit;\">L\u2019\u00e9diteur est tenu par une obligation de moyens en termes d\u2019accessibilit\u00e9 de service et met en place tous les moyens n\u00e9cessaires pour rendre le site accessible 7 jours sur 7 et 24 heures sur 24.<br><\/span><span style=\"font-size: inherit;\">Il peut n\u00e9anmoins suspendre l\u2019acc\u00e8s au site sans pr\u00e9avis, notamment pour des raisons de maintenance et de mises \u00e0 niveau et il ne peut en aucun cas \u00eatre tenu pour responsable des \u00e9ventuels pr\u00e9judices qui peuvent en d\u00e9couler.<\/span><\/p>\n<p><span style=\"font-size: inherit;\"><u>Droit applicable :<\/u><\/span><\/p>\n<p><span style=\"font-size: inherit;\">Les pr\u00e9sentes sont soumises au droit luxembourgeois.<\/span><\/p>\t\t\t\t\t\t\t\t<\/div>\n\t\t\t\t<\/div>\n\t\t\t\t\t<\/div>\n\t\t<\/div>\n\t\t\t\t\t<\/div>\n\t\t<\/section>\n\t\t\t\t<\/div>\n\t\t","protected":false},"excerpt":{"rendered":"<p>\u00c9diteur du site : New CBP Forme sociale : S\u00e0rlSi\u00e8ge social : 13 Rue Simon BolivarL-4037 Esch-sur-Alzette (Esch-Uelzecht)Luxembourg T\u00e9l\u00e9phone : +352 54 18 31 22Mail : contact@newcbp.luRCSL : B24698N\u00b0 Identification TVA : LU 132415-72 Objet : Le pr\u00e9sent site internet a pour objet de fournir des informations sur les activit\u00e9s, [&hellip;]<\/p>\n","protected":false},"author":1,"featured_media":0,"parent":0,"menu_order":0,"comment_status":"closed","ping_status":"closed","template":"","meta":{"_exactmetrics_skip_tracking":false,"_exactmetrics_sitenote_active":false,"_exactmetrics_sitenote_note":"","_exactmetrics_sitenote_category":0,"_themeisle_gutenberg_block_has_review":false,"jetpack_post_was_ever_published":false,"footnotes":""},"class_list":["post-27","page","type-page","status-publish","hentry"],"yoast_head":"<!-- This site is optimized with the Yoast SEO plugin v24.9 - https:\/\/yoast.com\/wordpress\/plugins\/seo\/ -->\n<title>Mentions l\u00e9gales - New CBP<\/title>\n<meta name=\"description\" content=\"Consultez les mentions l\u00e9gales du site de NewCBP.\" \/>\n<meta name=\"robots\" content=\"index, follow, max-snippet:-1, max-image-preview:large, max-video-preview:-1\" \/>\n<link rel=\"canonical\" href=\"https:\/\/newcbp.lu\/?page_id=27\" \/>\n<meta property=\"og:locale\" content=\"fr_FR\" \/>\n<meta property=\"og:type\" content=\"article\" \/>\n<meta property=\"og:title\" content=\"Mentions l\u00e9gales - New CBP\" \/>\n<meta property=\"og:description\" content=\"Consultez les mentions l\u00e9gales du site de NewCBP.\" \/>\n<meta property=\"og:url\" content=\"https:\/\/newcbp.lu\/?page_id=27\" \/>\n<meta property=\"og:site_name\" content=\"New CBP\" \/>\n<meta property=\"article:modified_time\" content=\"2025-04-25T08:49:55+00:00\" \/>\n<meta name=\"twitter:card\" content=\"summary_large_image\" \/>\n<meta name=\"twitter:label1\" content=\"Dur\u00e9e de lecture estim\u00e9e\" \/>\n\t<meta name=\"twitter:data1\" content=\"4 minutes\" \/>\n<script type=\"application\/ld+json\" class=\"yoast-schema-graph\">{\"@context\":\"https:\/\/schema.org\",\"@graph\":[{\"@type\":\"WebPage\",\"@id\":\"https:\/\/newcbp.lu\/?page_id=27\",\"url\":\"https:\/\/newcbp.lu\/?page_id=27\",\"name\":\"Mentions l\u00e9gales - New CBP\",\"isPartOf\":{\"@id\":\"https:\/\/newcbp.lu\/#website\"},\"datePublished\":\"2018-06-26T14:11:25+00:00\",\"dateModified\":\"2025-04-25T08:49:55+00:00\",\"description\":\"Consultez les mentions l\u00e9gales du site de NewCBP.\",\"breadcrumb\":{\"@id\":\"https:\/\/newcbp.lu\/?page_id=27#breadcrumb\"},\"inLanguage\":\"fr-FR\",\"potentialAction\":[{\"@type\":\"ReadAction\",\"target\":[\"https:\/\/newcbp.lu\/?page_id=27\"]}]},{\"@type\":\"BreadcrumbList\",\"@id\":\"https:\/\/newcbp.lu\/?page_id=27#breadcrumb\",\"itemListElement\":[{\"@type\":\"ListItem\",\"position\":1,\"name\":\"Accueil\",\"item\":\"https:\/\/newcbp.lu\/\"},{\"@type\":\"ListItem\",\"position\":2,\"name\":\"Mentions l\u00e9gales\"}]},{\"@type\":\"WebSite\",\"@id\":\"https:\/\/newcbp.lu\/#website\",\"url\":\"https:\/\/newcbp.lu\/\",\"name\":\"New CBP\",\"description\":\"Votre partenaire en \u00e9quipements de protection individuelle et fourniture industrielle au Luxembourg\",\"publisher\":{\"@id\":\"https:\/\/newcbp.lu\/#organization\"},\"potentialAction\":[{\"@type\":\"SearchAction\",\"target\":{\"@type\":\"EntryPoint\",\"urlTemplate\":\"https:\/\/newcbp.lu\/?s={search_term_string}\"},\"query-input\":{\"@type\":\"PropertyValueSpecification\",\"valueRequired\":true,\"valueName\":\"search_term_string\"}}],\"inLanguage\":\"fr-FR\"},{\"@type\":\"Organization\",\"@id\":\"https:\/\/newcbp.lu\/#organization\",\"name\":\"New CBP\",\"url\":\"https:\/\/newcbp.lu\/\",\"logo\":{\"@type\":\"ImageObject\",\"inLanguage\":\"fr-FR\",\"@id\":\"https:\/\/newcbp.lu\/#\/schema\/logo\/image\/\",\"url\":\"https:\/\/mlddeqbzinoo.i.optimole.com\/w:auto\/h:auto\/q:mauto\/ig:avif\/https:\/\/newcbp.lu\/wp-content\/uploads\/2025\/04\/logo-newcbp-1.png\",\"contentUrl\":\"https:\/\/mlddeqbzinoo.i.optimole.com\/w:auto\/h:auto\/q:mauto\/ig:avif\/https:\/\/newcbp.lu\/wp-content\/uploads\/2025\/04\/logo-newcbp-1.png\",\"width\":2950,\"height\":820,\"caption\":\"New CBP\"},\"image\":{\"@id\":\"https:\/\/newcbp.lu\/#\/schema\/logo\/image\/\"}}]}<\/script>\n<!-- \/ Yoast SEO plugin. -->","yoast_head_json":{"title":"Mentions l\u00e9gales - New CBP","description":"Consultez les mentions l\u00e9gales du site de NewCBP.","robots":{"index":"index","follow":"follow","max-snippet":"max-snippet:-1","max-image-preview":"max-image-preview:large","max-video-preview":"max-video-preview:-1"},"canonical":"https:\/\/newcbp.lu\/?page_id=27","og_locale":"fr_FR","og_type":"article","og_title":"Mentions l\u00e9gales - New CBP","og_description":"Consultez les mentions l\u00e9gales du site de NewCBP.","og_url":"https:\/\/newcbp.lu\/?page_id=27","og_site_name":"New CBP","article_modified_time":"2025-04-25T08:49:55+00:00","twitter_card":"summary_large_image","twitter_misc":{"Dur\u00e9e de lecture estim\u00e9e":"4 minutes"},"schema":{"@context":"https:\/\/schema.org","@graph":[{"@type":"WebPage","@id":"https:\/\/newcbp.lu\/?page_id=27","url":"https:\/\/newcbp.lu\/?page_id=27","name":"Mentions l\u00e9gales - New CBP","isPartOf":{"@id":"https:\/\/newcbp.lu\/#website"},"datePublished":"2018-06-26T14:11:25+00:00","dateModified":"2025-04-25T08:49:55+00:00","description":"Consultez les mentions l\u00e9gales du site de NewCBP.","breadcrumb":{"@id":"https:\/\/newcbp.lu\/?page_id=27#breadcrumb"},"inLanguage":"fr-FR","potentialAction":[{"@type":"ReadAction","target":["https:\/\/newcbp.lu\/?page_id=27"]}]},{"@type":"BreadcrumbList","@id":"https:\/\/newcbp.lu\/?page_id=27#breadcrumb","itemListElement":[{"@type":"ListItem","position":1,"name":"Accueil","item":"https:\/\/newcbp.lu\/"},{"@type":"ListItem","position":2,"name":"Mentions l\u00e9gales"}]},{"@type":"WebSite","@id":"https:\/\/newcbp.lu\/#website","url":"https:\/\/newcbp.lu\/","name":"New CBP","description":"Votre partenaire en \u00e9quipements de protection individuelle et fourniture industrielle au Luxembourg","publisher":{"@id":"https:\/\/newcbp.lu\/#organization"},"potentialAction":[{"@type":"SearchAction","target":{"@type":"EntryPoint","urlTemplate":"https:\/\/newcbp.lu\/?s={search_term_string}"},"query-input":{"@type":"PropertyValueSpecification","valueRequired":true,"valueName":"search_term_string"}}],"inLanguage":"fr-FR"},{"@type":"Organization","@id":"https:\/\/newcbp.lu\/#organization","name":"New CBP","url":"https:\/\/newcbp.lu\/","logo":{"@type":"ImageObject","inLanguage":"fr-FR","@id":"https:\/\/newcbp.lu\/#\/schema\/logo\/image\/","url":"https:\/\/mlddeqbzinoo.i.optimole.com\/w:auto\/h:auto\/q:mauto\/ig:avif\/https:\/\/newcbp.lu\/wp-content\/uploads\/2025\/04\/logo-newcbp-1.png","contentUrl":"https:\/\/mlddeqbzinoo.i.optimole.com\/w:auto\/h:auto\/q:mauto\/ig:avif\/https:\/\/newcbp.lu\/wp-content\/uploads\/2025\/04\/logo-newcbp-1.png","width":2950,"height":820,"caption":"New CBP"},"image":{"@id":"https:\/\/newcbp.lu\/#\/schema\/logo\/image\/"}}]}},"jetpack_sharing_enabled":true,"jetpack_shortlink":"https:\/\/wp.me\/Pad1iV-r","jetpack-related-posts":[],"_links":{"self":[{"href":"https:\/\/newcbp.lu\/index.php?rest_route=\/wp\/v2\/pages\/27","targetHints":{"allow":["GET"]}}],"collection":[{"href":"https:\/\/newcbp.lu\/index.php?rest_route=\/wp\/v2\/pages"}],"about":[{"href":"https:\/\/newcbp.lu\/index.php?rest_route=\/wp\/v2\/types\/page"}],"author":[{"embeddable":true,"href":"https:\/\/newcbp.lu\/index.php?rest_route=\/wp\/v2\/users\/1"}],"replies":[{"embeddable":true,"href":"https:\/\/newcbp.lu\/index.php?rest_route=%2Fwp%2Fv2%2Fcomments&post=27"}],"version-history":[{"count":10,"href":"https:\/\/newcbp.lu\/index.php?rest_route=\/wp\/v2\/pages\/27\/revisions"}],"predecessor-version":[{"id":594,"href":"https:\/\/newcbp.lu\/index.php?rest_route=\/wp\/v2\/pages\/27\/revisions\/594"}],"wp:attachment":[{"href":"https:\/\/newcbp.lu\/index.php?rest_route=%2Fwp%2Fv2%2Fmedia&parent=27"}],"curies":[{"name":"wp","href":"https:\/\/api.w.org\/{rel}","templated":true}]}}