{"id":60,"date":"2018-06-26T16:44:21","date_gmt":"2018-06-26T14:44:21","guid":{"rendered":"https:\/\/newcbp.lu\/?page_id=60"},"modified":"2025-04-25T10:48:44","modified_gmt":"2025-04-25T08:48:44","slug":"qui-sommes-nous","status":"publish","type":"page","link":"https:\/\/newcbp.lu\/?page_id=60","title":{"rendered":"Qui sommes-nous ?"},"content":{"rendered":"\t\t<div data-elementor-type=\"wp-post\" data-elementor-id=\"60\" class=\"elementor elementor-60\">\n\t\t\t\t\t\t<section class=\"elementor-section elementor-top-section elementor-element elementor-element-d16814a elementor-section-boxed elementor-section-height-default elementor-section-height-default\" data-id=\"d16814a\" data-element_type=\"section\">\n\t\t\t\t\t\t<div class=\"elementor-container elementor-column-gap-default\">\n\t\t\t\t\t<div class=\"elementor-column elementor-col-100 elementor-top-column elementor-element elementor-element-4522e76\" data-id=\"4522e76\" data-element_type=\"column\">\n\t\t\t<div class=\"elementor-widget-wrap elementor-element-populated\">\n\t\t\t\t\t\t<div class=\"elementor-element elementor-element-d3c08e7 elementor-invisible elementor-widget elementor-widget-image\" data-id=\"d3c08e7\" data-element_type=\"widget\" data-settings=\"{&quot;_animation&quot;:&quot;fadeInDown&quot;}\" data-widget_type=\"image.default\">\n\t\t\t\t<div class=\"elementor-widget-container\">\n\t\t\t\t\t\t\t\t\t\t\t\t\t\t\t<img data-opt-id=93427804  fetchpriority=\"high\" decoding=\"async\" data-attachment-id=\"161\" data-permalink=\"https:\/\/newcbp.lu\/?attachment_id=161\" data-orig-file=\"https:\/\/mlddeqbzinoo.i.optimole.com\/w:auto\/h:auto\/q:mauto\/ig:avif\/https:\/\/newcbp.lu\/wp-content\/uploads\/2025\/04\/logo-newcbp-1.png\" data-orig-size=\"2950,820\" data-comments-opened=\"0\" data-image-meta=\"{&quot;aperture&quot;:&quot;0&quot;,&quot;credit&quot;:&quot;&quot;,&quot;camera&quot;:&quot;&quot;,&quot;caption&quot;:&quot;&quot;,&quot;created_timestamp&quot;:&quot;0&quot;,&quot;copyright&quot;:&quot;&quot;,&quot;focal_length&quot;:&quot;0&quot;,&quot;iso&quot;:&quot;0&quot;,&quot;shutter_speed&quot;:&quot;0&quot;,&quot;title&quot;:&quot;&quot;,&quot;orientation&quot;:&quot;0&quot;}\" data-image-title=\"logo-newcbp\" data-image-description=\"\" data-image-caption=\"\" data-medium-file=\"https:\/\/mlddeqbzinoo.i.optimole.com\/w:300\/h:83\/q:mauto\/ig:avif\/https:\/\/newcbp.lu\/wp-content\/uploads\/2025\/04\/logo-newcbp-1.png\" data-large-file=\"https:\/\/mlddeqbzinoo.i.optimole.com\/w:1024\/h:285\/q:mauto\/ig:avif\/https:\/\/newcbp.lu\/wp-content\/uploads\/2025\/04\/logo-newcbp-1.png\" width=\"750\" height=\"209\" src=\"https:\/\/mlddeqbzinoo.i.optimole.com\/w:1024\/h:285\/q:mauto\/ig:avif\/https:\/\/newcbp.lu\/wp-content\/uploads\/2025\/04\/logo-newcbp-1.png\" class=\"elementor-animation-pulse-grow attachment-large size-large wp-image-161\" alt=\"Logo NewCBP\" srcset=\"https:\/\/mlddeqbzinoo.i.optimole.com\/w:1024\/h:285\/q:mauto\/ig:avif\/https:\/\/newcbp.lu\/wp-content\/uploads\/2025\/04\/logo-newcbp-1.png 1024w, https:\/\/mlddeqbzinoo.i.optimole.com\/w:300\/h:83\/q:mauto\/ig:avif\/https:\/\/newcbp.lu\/wp-content\/uploads\/2025\/04\/logo-newcbp-1.png 300w, https:\/\/mlddeqbzinoo.i.optimole.com\/w:768\/h:213\/q:mauto\/ig:avif\/https:\/\/newcbp.lu\/wp-content\/uploads\/2025\/04\/logo-newcbp-1.png 768w, https:\/\/mlddeqbzinoo.i.optimole.com\/w:1536\/h:427\/q:mauto\/ig:avif\/https:\/\/newcbp.lu\/wp-content\/uploads\/2025\/04\/logo-newcbp-1.png 1536w, https:\/\/mlddeqbzinoo.i.optimole.com\/w:1920\/h:533\/q:mauto\/ig:avif\/https:\/\/newcbp.lu\/wp-content\/uploads\/2025\/04\/logo-newcbp-1.png 2048w\" sizes=\"(max-width: 750px) 100vw, 750px\" data-attachment-id=\"161\" data-permalink=\"https:\/\/newcbp.lu\/?attachment_id=161\" data-orig-file=\"https:\/\/mlddeqbzinoo.i.optimole.com\/w:auto\/h:auto\/q:mauto\/ig:avif\/https:\/\/newcbp.lu\/wp-content\/uploads\/2025\/04\/logo-newcbp-1.png\" data-orig-size=\"2950,820\" data-comments-opened=\"0\" data-image-meta=\"{&quot;aperture&quot;:&quot;0&quot;,&quot;credit&quot;:&quot;&quot;,&quot;camera&quot;:&quot;&quot;,&quot;caption&quot;:&quot;&quot;,&quot;created_timestamp&quot;:&quot;0&quot;,&quot;copyright&quot;:&quot;&quot;,&quot;focal_length&quot;:&quot;0&quot;,&quot;iso&quot;:&quot;0&quot;,&quot;shutter_speed&quot;:&quot;0&quot;,&quot;title&quot;:&quot;&quot;,&quot;orientation&quot;:&quot;0&quot;}\" data-image-title=\"logo-newcbp\" data-image-description=\"\" data-image-caption=\"\" data-medium-file=\"https:\/\/mlddeqbzinoo.i.optimole.com\/w:300\/h:83\/q:mauto\/ig:avif\/https:\/\/newcbp.lu\/wp-content\/uploads\/2025\/04\/logo-newcbp-1.png\" data-large-file=\"https:\/\/mlddeqbzinoo.i.optimole.com\/w:1024\/h:285\/q:mauto\/ig:avif\/https:\/\/newcbp.lu\/wp-content\/uploads\/2025\/04\/logo-newcbp-1.png\" \/>\t\t\t\t\t\t\t\t\t\t\t\t\t\t\t<\/div>\n\t\t\t\t<\/div>\n\t\t\t\t<div class=\"elementor-element elementor-element-365d166 elementor-drop-cap-yes elementor-drop-cap-view-default elementor-widget elementor-widget-text-editor\" data-id=\"365d166\" data-element_type=\"widget\" data-settings=\"{&quot;drop_cap&quot;:&quot;yes&quot;}\" data-widget_type=\"text-editor.default\">\n\t\t\t\t<div class=\"elementor-widget-container\">\n\t\t\t\t\t\t\t\t\t<h3 data-start=\"100\" data-end=\"169\" class=\"\" style=\"text-align: center;\">Bienvenue chez NewCBP \u2013 Votre partenaire de confiance en EPI et fourniture industrielle<\/h3>\n<p data-start=\"171\" data-end=\"615\" class=\"\">Install\u00e9e au c\u0153ur du Luxembourg, <strong data-start=\"226\" data-end=\"236\">NewCBP<\/strong> est une entreprise familiale sp\u00e9cialis\u00e9e dans la <strong data-start=\"286\" data-end=\"342\">vente d&rsquo;\u00c9quipements de Protection Individuelle (EPI)<\/strong> ainsi que de <strong data-start=\"356\" data-end=\"411\">pi\u00e8ces d\u00e9tach\u00e9es pour camions et engins de chantier<\/strong>. Forte de son exp\u00e9rience et de son savoir-faire, <b>NewCBP<\/b> accompagne les professionnels du BTP, du transport et de l\u2019industrie en leur proposant des solutions fiables, durables et adapt\u00e9es \u00e0 leurs besoins.<\/p>\n<p data-start=\"617\" data-end=\"921\" class=\"\">Notre priorit\u00e9 ? Allier <strong data-start=\"641\" data-end=\"653\">s\u00e9curit\u00e9<\/strong>, <strong data-start=\"655\" data-end=\"670\">performance<\/strong><span data-start=\"655\" data-end=\"670\">,<\/span>&nbsp;<strong data-start=\"674\" data-end=\"688\">r\u00e9activit\u00e9<\/strong>&nbsp;et <b>service&nbsp;<\/b>pour garantir la continuit\u00e9 de vos chantiers et la protection de vos \u00e9quipes. Gr\u00e2ce \u00e0 une large gamme de produits soigneusement s\u00e9lectionn\u00e9s aupr\u00e8s de fournisseurs reconnus, nous r\u00e9pondons aux exigences les plus pointues du terrain.<\/p>\n<p data-start=\"923\" data-end=\"1042\" class=\"\">D\u00e9couvrez <a href=\"https:\/\/newcbp.lu\/nos-services\/\">nos services<\/a>&nbsp;et rejoignez les nombreux professionnels qui nous font confiance au quotidien !<\/p>\t\t\t\t\t\t\t\t<\/div>\n\t\t\t\t<\/div>\n\t\t\t\t<div class=\"elementor-element elementor-element-53f674e elementor-widget elementor-widget-text-editor\" data-id=\"53f674e\" data-element_type=\"widget\" data-widget_type=\"text-editor.default\">\n\t\t\t\t<div class=\"elementor-widget-container\">\n\t\t\t\t\t\t\t\t\t<p>Pour nous contacter ou nous envoyer une demande de prix, il vous suffit de cliquer ci-dessous et de remplir le formulaire.<\/p>\t\t\t\t\t\t\t\t<\/div>\n\t\t\t\t<\/div>\n\t\t\t\t<div class=\"elementor-element elementor-element-8e745cc elementor-align-center elementor-widget elementor-widget-button\" data-id=\"8e745cc\" data-element_type=\"widget\" data-widget_type=\"button.default\">\n\t\t\t\t<div class=\"elementor-widget-container\">\n\t\t\t\t\t\t\t\t\t<div class=\"elementor-button-wrapper\">\n\t\t\t\t\t<a class=\"elementor-button elementor-button-link elementor-size-sm\" href=\"https:\/\/newcbp.lu\/contactez-nous\/\">\n\t\t\t\t\t\t<span class=\"elementor-button-content-wrapper\">\n\t\t\t\t\t\t\t\t\t<span class=\"elementor-button-text\">Contactez-nous<\/span>\n\t\t\t\t\t<\/span>\n\t\t\t\t\t<\/a>\n\t\t\t\t<\/div>\n\t\t\t\t\t\t\t\t<\/div>\n\t\t\t\t<\/div>\n\t\t\t\t\t<\/div>\n\t\t<\/div>\n\t\t\t\t\t<\/div>\n\t\t<\/section>\n\t\t\t\t<\/div>\n\t\t","protected":false},"excerpt":{"rendered":"<p>Bienvenue chez NewCBP \u2013 Votre partenaire de confiance en EPI et fourniture industrielle Install\u00e9e au c\u0153ur du Luxembourg, NewCBP est une entreprise familiale sp\u00e9cialis\u00e9e dans la vente d&rsquo;\u00c9quipements de Protection Individuelle (EPI) ainsi que de pi\u00e8ces d\u00e9tach\u00e9es pour camions et engins de chantier. Forte de son exp\u00e9rience et de son [&hellip;]<\/p>\n","protected":false},"author":1,"featured_media":0,"parent":0,"menu_order":0,"comment_status":"closed","ping_status":"closed","template":"","meta":{"_exactmetrics_skip_tracking":false,"_exactmetrics_sitenote_active":false,"_exactmetrics_sitenote_note":"","_exactmetrics_sitenote_category":0,"_themeisle_gutenberg_block_has_review":false,"jetpack_post_was_ever_published":false,"footnotes":""},"class_list":["post-60","page","type-page","status-publish","hentry"],"yoast_head":"<!-- This site is optimized with the Yoast SEO plugin v24.9 - https:\/\/yoast.com\/wordpress\/plugins\/seo\/ -->\n<title>Qui sommes-nous ? - New CBP<\/title>\n<meta name=\"description\" content=\"D\u00e9couvrez l&#039;historique de New CBP, entreprise de commerce d&#039;\u00e9quipements de protection individuelle et de pi\u00e8ces d\u00e9tach\u00e9es pour engins de TP et BTP.\" \/>\n<meta name=\"robots\" content=\"index, follow, max-snippet:-1, max-image-preview:large, max-video-preview:-1\" \/>\n<link rel=\"canonical\" href=\"https:\/\/newcbp.lu\/?page_id=60\" \/>\n<meta property=\"og:locale\" content=\"fr_FR\" \/>\n<meta property=\"og:type\" content=\"article\" \/>\n<meta property=\"og:title\" content=\"Qui sommes-nous ? - New CBP\" \/>\n<meta property=\"og:description\" content=\"D\u00e9couvrez l&#039;historique de New CBP, entreprise de commerce d&#039;\u00e9quipements de protection individuelle et de pi\u00e8ces d\u00e9tach\u00e9es pour engins de TP et BTP.\" \/>\n<meta property=\"og:url\" content=\"https:\/\/newcbp.lu\/?page_id=60\" \/>\n<meta property=\"og:site_name\" content=\"New CBP\" \/>\n<meta property=\"article:modified_time\" content=\"2025-04-25T08:48:44+00:00\" \/>\n<meta property=\"og:image\" content=\"https:\/\/mlddeqbzinoo.i.optimole.com\/w:auto\/h:auto\/q:mauto\/ig:avif\/https:\/\/newcbp.lu\/wp-content\/uploads\/2025\/04\/logo-newcbp-1.png\" \/>\n\t<meta property=\"og:image:width\" content=\"2950\" \/>\n\t<meta property=\"og:image:height\" content=\"820\" \/>\n\t<meta property=\"og:image:type\" content=\"image\/png\" \/>\n<meta name=\"twitter:card\" content=\"summary_large_image\" \/>\n<meta name=\"twitter:label1\" content=\"Dur\u00e9e de lecture estim\u00e9e\" \/>\n\t<meta name=\"twitter:data1\" content=\"1 minute\" \/>\n<script type=\"application\/ld+json\" class=\"yoast-schema-graph\">{\"@context\":\"https:\/\/schema.org\",\"@graph\":[{\"@type\":\"WebPage\",\"@id\":\"https:\/\/newcbp.lu\/?page_id=60\",\"url\":\"https:\/\/newcbp.lu\/?page_id=60\",\"name\":\"Qui sommes-nous ? - New CBP\",\"isPartOf\":{\"@id\":\"https:\/\/newcbp.lu\/#website\"},\"primaryImageOfPage\":{\"@id\":\"https:\/\/newcbp.lu\/?page_id=60#primaryimage\"},\"image\":{\"@id\":\"https:\/\/newcbp.lu\/?page_id=60#primaryimage\"},\"thumbnailUrl\":\"https:\/\/mlddeqbzinoo.i.optimole.com\/w:1024\/h:285\/q:mauto\/ig:avif\/https:\/\/newcbp.lu\/wp-content\/uploads\/2025\/04\/logo-newcbp-1.png\",\"datePublished\":\"2018-06-26T14:44:21+00:00\",\"dateModified\":\"2025-04-25T08:48:44+00:00\",\"description\":\"D\u00e9couvrez l'historique de New CBP, entreprise de commerce d'\u00e9quipements de protection individuelle et de pi\u00e8ces d\u00e9tach\u00e9es pour engins de TP et BTP.\",\"breadcrumb\":{\"@id\":\"https:\/\/newcbp.lu\/?page_id=60#breadcrumb\"},\"inLanguage\":\"fr-FR\",\"potentialAction\":[{\"@type\":\"ReadAction\",\"target\":[\"https:\/\/newcbp.lu\/?page_id=60\"]}]},{\"@type\":\"ImageObject\",\"inLanguage\":\"fr-FR\",\"@id\":\"https:\/\/newcbp.lu\/?page_id=60#primaryimage\",\"url\":\"https:\/\/mlddeqbzinoo.i.optimole.com\/w:auto\/h:auto\/q:mauto\/ig:avif\/https:\/\/newcbp.lu\/wp-content\/uploads\/2025\/04\/logo-newcbp-1.png\",\"contentUrl\":\"https:\/\/mlddeqbzinoo.i.optimole.com\/w:auto\/h:auto\/q:mauto\/ig:avif\/https:\/\/newcbp.lu\/wp-content\/uploads\/2025\/04\/logo-newcbp-1.png\",\"width\":2950,\"height\":820,\"caption\":\"Logo NewCBP\"},{\"@type\":\"BreadcrumbList\",\"@id\":\"https:\/\/newcbp.lu\/?page_id=60#breadcrumb\",\"itemListElement\":[{\"@type\":\"ListItem\",\"position\":1,\"name\":\"Accueil\",\"item\":\"https:\/\/newcbp.lu\/\"},{\"@type\":\"ListItem\",\"position\":2,\"name\":\"Qui sommes-nous ?\"}]},{\"@type\":\"WebSite\",\"@id\":\"https:\/\/newcbp.lu\/#website\",\"url\":\"https:\/\/newcbp.lu\/\",\"name\":\"New CBP\",\"description\":\"Votre partenaire en \u00e9quipements de protection individuelle et fourniture industrielle au Luxembourg\",\"publisher\":{\"@id\":\"https:\/\/newcbp.lu\/#organization\"},\"potentialAction\":[{\"@type\":\"SearchAction\",\"target\":{\"@type\":\"EntryPoint\",\"urlTemplate\":\"https:\/\/newcbp.lu\/?s={search_term_string}\"},\"query-input\":{\"@type\":\"PropertyValueSpecification\",\"valueRequired\":true,\"valueName\":\"search_term_string\"}}],\"inLanguage\":\"fr-FR\"},{\"@type\":\"Organization\",\"@id\":\"https:\/\/newcbp.lu\/#organization\",\"name\":\"New CBP\",\"url\":\"https:\/\/newcbp.lu\/\",\"logo\":{\"@type\":\"ImageObject\",\"inLanguage\":\"fr-FR\",\"@id\":\"https:\/\/newcbp.lu\/#\/schema\/logo\/image\/\",\"url\":\"https:\/\/mlddeqbzinoo.i.optimole.com\/w:auto\/h:auto\/q:mauto\/ig:avif\/https:\/\/newcbp.lu\/wp-content\/uploads\/2025\/04\/logo-newcbp-1.png\",\"contentUrl\":\"https:\/\/mlddeqbzinoo.i.optimole.com\/w:auto\/h:auto\/q:mauto\/ig:avif\/https:\/\/newcbp.lu\/wp-content\/uploads\/2025\/04\/logo-newcbp-1.png\",\"width\":2950,\"height\":820,\"caption\":\"New CBP\"},\"image\":{\"@id\":\"https:\/\/newcbp.lu\/#\/schema\/logo\/image\/\"}}]}<\/script>\n<!-- \/ Yoast SEO plugin. -->","yoast_head_json":{"title":"Qui sommes-nous ? - New CBP","description":"D\u00e9couvrez l'historique de New CBP, entreprise de commerce d'\u00e9quipements de protection individuelle et de pi\u00e8ces d\u00e9tach\u00e9es pour engins de TP et BTP.","robots":{"index":"index","follow":"follow","max-snippet":"max-snippet:-1","max-image-preview":"max-image-preview:large","max-video-preview":"max-video-preview:-1"},"canonical":"https:\/\/newcbp.lu\/?page_id=60","og_locale":"fr_FR","og_type":"article","og_title":"Qui sommes-nous ? - New CBP","og_description":"D\u00e9couvrez l'historique de New CBP, entreprise de commerce d'\u00e9quipements de protection individuelle et de pi\u00e8ces d\u00e9tach\u00e9es pour engins de TP et BTP.","og_url":"https:\/\/newcbp.lu\/?page_id=60","og_site_name":"New CBP","article_modified_time":"2025-04-25T08:48:44+00:00","og_image":[{"width":2950,"height":820,"url":"https:\/\/mlddeqbzinoo.i.optimole.com\/w:auto\/h:auto\/q:mauto\/ig:avif\/https:\/\/newcbp.lu\/wp-content\/uploads\/2025\/04\/logo-newcbp-1.png","type":"image\/png"}],"twitter_card":"summary_large_image","twitter_misc":{"Dur\u00e9e de lecture estim\u00e9e":"1 minute"},"schema":{"@context":"https:\/\/schema.org","@graph":[{"@type":"WebPage","@id":"https:\/\/newcbp.lu\/?page_id=60","url":"https:\/\/newcbp.lu\/?page_id=60","name":"Qui sommes-nous ? - New CBP","isPartOf":{"@id":"https:\/\/newcbp.lu\/#website"},"primaryImageOfPage":{"@id":"https:\/\/newcbp.lu\/?page_id=60#primaryimage"},"image":{"@id":"https:\/\/newcbp.lu\/?page_id=60#primaryimage"},"thumbnailUrl":"https:\/\/mlddeqbzinoo.i.optimole.com\/w:1024\/h:285\/q:mauto\/ig:avif\/https:\/\/newcbp.lu\/wp-content\/uploads\/2025\/04\/logo-newcbp-1.png","datePublished":"2018-06-26T14:44:21+00:00","dateModified":"2025-04-25T08:48:44+00:00","description":"D\u00e9couvrez l'historique de New CBP, entreprise de commerce d'\u00e9quipements de protection individuelle et de pi\u00e8ces d\u00e9tach\u00e9es pour engins de TP et BTP.","breadcrumb":{"@id":"https:\/\/newcbp.lu\/?page_id=60#breadcrumb"},"inLanguage":"fr-FR","potentialAction":[{"@type":"ReadAction","target":["https:\/\/newcbp.lu\/?page_id=60"]}]},{"@type":"ImageObject","inLanguage":"fr-FR","@id":"https:\/\/newcbp.lu\/?page_id=60#primaryimage","url":"https:\/\/mlddeqbzinoo.i.optimole.com\/w:auto\/h:auto\/q:mauto\/ig:avif\/https:\/\/newcbp.lu\/wp-content\/uploads\/2025\/04\/logo-newcbp-1.png","contentUrl":"https:\/\/mlddeqbzinoo.i.optimole.com\/w:auto\/h:auto\/q:mauto\/ig:avif\/https:\/\/newcbp.lu\/wp-content\/uploads\/2025\/04\/logo-newcbp-1.png","width":2950,"height":820,"caption":"Logo NewCBP"},{"@type":"BreadcrumbList","@id":"https:\/\/newcbp.lu\/?page_id=60#breadcrumb","itemListElement":[{"@type":"ListItem","position":1,"name":"Accueil","item":"https:\/\/newcbp.lu\/"},{"@type":"ListItem","position":2,"name":"Qui sommes-nous ?"}]},{"@type":"WebSite","@id":"https:\/\/newcbp.lu\/#website","url":"https:\/\/newcbp.lu\/","name":"New CBP","description":"Votre partenaire en \u00e9quipements de protection individuelle et fourniture industrielle au Luxembourg","publisher":{"@id":"https:\/\/newcbp.lu\/#organization"},"potentialAction":[{"@type":"SearchAction","target":{"@type":"EntryPoint","urlTemplate":"https:\/\/newcbp.lu\/?s={search_term_string}"},"query-input":{"@type":"PropertyValueSpecification","valueRequired":true,"valueName":"search_term_string"}}],"inLanguage":"fr-FR"},{"@type":"Organization","@id":"https:\/\/newcbp.lu\/#organization","name":"New CBP","url":"https:\/\/newcbp.lu\/","logo":{"@type":"ImageObject","inLanguage":"fr-FR","@id":"https:\/\/newcbp.lu\/#\/schema\/logo\/image\/","url":"https:\/\/mlddeqbzinoo.i.optimole.com\/w:auto\/h:auto\/q:mauto\/ig:avif\/https:\/\/newcbp.lu\/wp-content\/uploads\/2025\/04\/logo-newcbp-1.png","contentUrl":"https:\/\/mlddeqbzinoo.i.optimole.com\/w:auto\/h:auto\/q:mauto\/ig:avif\/https:\/\/newcbp.lu\/wp-content\/uploads\/2025\/04\/logo-newcbp-1.png","width":2950,"height":820,"caption":"New CBP"},"image":{"@id":"https:\/\/newcbp.lu\/#\/schema\/logo\/image\/"}}]}},"jetpack_sharing_enabled":true,"jetpack_shortlink":"https:\/\/wp.me\/Pad1iV-Y","jetpack-related-posts":[],"_links":{"self":[{"href":"https:\/\/newcbp.lu\/index.php?rest_route=\/wp\/v2\/pages\/60","targetHints":{"allow":["GET"]}}],"collection":[{"href":"https:\/\/newcbp.lu\/index.php?rest_route=\/wp\/v2\/pages"}],"about":[{"href":"https:\/\/newcbp.lu\/index.php?rest_route=\/wp\/v2\/types\/page"}],"author":[{"embeddable":true,"href":"https:\/\/newcbp.lu\/index.php?rest_route=\/wp\/v2\/users\/1"}],"replies":[{"embeddable":true,"href":"https:\/\/newcbp.lu\/index.php?rest_route=%2Fwp%2Fv2%2Fcomments&post=60"}],"version-history":[{"count":35,"href":"https:\/\/newcbp.lu\/index.php?rest_route=\/wp\/v2\/pages\/60\/revisions"}],"predecessor-version":[{"id":591,"href":"https:\/\/newcbp.lu\/index.php?rest_route=\/wp\/v2\/pages\/60\/revisions\/591"}],"wp:attachment":[{"href":"https:\/\/newcbp.lu\/index.php?rest_route=%2Fwp%2Fv2%2Fmedia&parent=60"}],"curies":[{"name":"wp","href":"https:\/\/api.w.org\/{rel}","templated":true}]}}