{"id":7,"date":"2018-06-26T15:30:59","date_gmt":"2018-06-26T13:30:59","guid":{"rendered":"https:\/\/newcbp.lu\/?page_id=7"},"modified":"2025-04-25T11:17:43","modified_gmt":"2025-04-25T09:17:43","slug":"accueil","status":"publish","type":"page","link":"https:\/\/newcbp.lu\/","title":{"rendered":"Accueil"},"content":{"rendered":"\t\t<div data-elementor-type=\"wp-page\" data-elementor-id=\"7\" class=\"elementor elementor-7\">\n\t\t\t\t\t\t<section class=\"elementor-section elementor-top-section elementor-element elementor-element-36d84695 elementor-section-boxed elementor-section-height-default elementor-section-height-default\" data-id=\"36d84695\" data-element_type=\"section\">\n\t\t\t\t\t\t<div class=\"elementor-container elementor-column-gap-default\">\n\t\t\t\t\t<div class=\"elementor-column elementor-col-100 elementor-top-column elementor-element elementor-element-5e654b78\" data-id=\"5e654b78\" data-element_type=\"column\">\n\t\t\t<div class=\"elementor-widget-wrap elementor-element-populated\">\n\t\t\t\t\t\t<div class=\"elementor-element elementor-element-9e29e4f elementor-widget elementor-widget-heading\" data-id=\"9e29e4f\" data-element_type=\"widget\" data-widget_type=\"heading.default\">\n\t\t\t\t<div class=\"elementor-widget-container\">\n\t\t\t\t\t<h2 class=\"elementor-heading-title elementor-size-default\">Votre partenaire en \u00e9quipements de protection individuelle et fourniture industrielle au Luxembourg<\/h2>\t\t\t\t<\/div>\n\t\t\t\t<\/div>\n\t\t\t\t<div class=\"elementor-element elementor-element-92ce1f7 elementor-arrows-position-inside elementor-pagination-position-outside elementor-widget elementor-widget-image-carousel\" data-id=\"92ce1f7\" data-element_type=\"widget\" data-settings=\"{&quot;autoplay_speed&quot;:9000,&quot;navigation&quot;:&quot;both&quot;,&quot;autoplay&quot;:&quot;yes&quot;,&quot;pause_on_hover&quot;:&quot;yes&quot;,&quot;pause_on_interaction&quot;:&quot;yes&quot;,&quot;infinite&quot;:&quot;yes&quot;,&quot;speed&quot;:500,&quot;image_spacing_custom&quot;:{&quot;unit&quot;:&quot;px&quot;,&quot;size&quot;:20,&quot;sizes&quot;:[]},&quot;image_spacing_custom_tablet&quot;:{&quot;unit&quot;:&quot;px&quot;,&quot;size&quot;:&quot;&quot;,&quot;sizes&quot;:[]},&quot;image_spacing_custom_mobile&quot;:{&quot;unit&quot;:&quot;px&quot;,&quot;size&quot;:&quot;&quot;,&quot;sizes&quot;:[]}}\" data-widget_type=\"image-carousel.default\">\n\t\t\t\t<div class=\"elementor-widget-container\">\n\t\t\t\t\t\t\t<div class=\"elementor-image-carousel-wrapper swiper\" role=\"region\" aria-roledescription=\"carousel\" aria-label=\"Carrousel d\u2019images\" dir=\"ltr\">\n\t\t\t<div class=\"elementor-image-carousel swiper-wrapper swiper-image-stretch\" aria-live=\"off\">\n\t\t\t\t\t\t\t\t<div class=\"swiper-slide\" role=\"group\" aria-roledescription=\"slide\" aria-label=\"1 sur 6\"><figure class=\"swiper-slide-inner\"><img data-opt-id=1573973797  fetchpriority=\"high\" decoding=\"async\" class=\"swiper-slide-image\" src=\"https:\/\/mlddeqbzinoo.i.optimole.com\/w:auto\/h:auto\/q:mauto\/ig:avif\/https:\/\/newcbp.lu\/wp-content\/uploads\/2025\/04\/protection-de-la-tete-1.png\" alt=\"Protection de la t\u00eate\" \/><figcaption class=\"elementor-image-carousel-caption\">Protection de la t\u00eate<\/figcaption><\/figure><\/div><div class=\"swiper-slide\" role=\"group\" aria-roledescription=\"slide\" aria-label=\"2 sur 6\"><figure class=\"swiper-slide-inner\"><img data-opt-id=127739063  fetchpriority=\"high\" decoding=\"async\" class=\"swiper-slide-image\" src=\"https:\/\/mlddeqbzinoo.i.optimole.com\/w:auto\/h:auto\/q:mauto\/ig:avif\/https:\/\/newcbp.lu\/wp-content\/uploads\/2025\/04\/protection-du-corps-homepage.png\" alt=\"Protection du corps\" \/><figcaption class=\"elementor-image-carousel-caption\">Protection du corps<\/figcaption><\/figure><\/div><div class=\"swiper-slide\" role=\"group\" aria-roledescription=\"slide\" aria-label=\"3 sur 6\"><figure class=\"swiper-slide-inner\"><img data-opt-id=81737090  data-opt-src=\"https:\/\/mlddeqbzinoo.i.optimole.com\/w:auto\/h:auto\/q:mauto\/ig:avif\/https:\/\/newcbp.lu\/wp-content\/uploads\/2025\/04\/protection-des-mains-2.png\"  decoding=\"async\" class=\"swiper-slide-image\" src=\"data:image/svg+xml,%3Csvg%20viewBox%3D%220%200%20100%%20100%%22%20width%3D%22100%%22%20height%3D%22100%%22%20xmlns%3D%22http%3A%2F%2Fwww.w3.org%2F2000%2Fsvg%22%3E%3Crect%20width%3D%22100%%22%20height%3D%22100%%22%20fill%3D%22transparent%22%2F%3E%3C%2Fsvg%3E\" alt=\"Protection des mains\" \/><figcaption class=\"elementor-image-carousel-caption\">Protection des mains<\/figcaption><\/figure><\/div><div class=\"swiper-slide\" role=\"group\" aria-roledescription=\"slide\" aria-label=\"4 sur 6\"><figure class=\"swiper-slide-inner\"><img data-opt-id=1821071860  data-opt-src=\"https:\/\/mlddeqbzinoo.i.optimole.com\/w:auto\/h:auto\/q:mauto\/ig:avif\/https:\/\/newcbp.lu\/wp-content\/uploads\/2025\/04\/protection-des-pieds.png\"  decoding=\"async\" class=\"swiper-slide-image\" src=\"data:image/svg+xml,%3Csvg%20viewBox%3D%220%200%20100%%20100%%22%20width%3D%22100%%22%20height%3D%22100%%22%20xmlns%3D%22http%3A%2F%2Fwww.w3.org%2F2000%2Fsvg%22%3E%3Crect%20width%3D%22100%%22%20height%3D%22100%%22%20fill%3D%22transparent%22%2F%3E%3C%2Fsvg%3E\" alt=\"Protection des pieds\" \/><figcaption class=\"elementor-image-carousel-caption\">Protection des pieds<\/figcaption><\/figure><\/div><div class=\"swiper-slide\" role=\"group\" aria-roledescription=\"slide\" aria-label=\"5 sur 6\"><figure class=\"swiper-slide-inner\"><img data-opt-id=1568315590  data-opt-src=\"https:\/\/mlddeqbzinoo.i.optimole.com\/w:auto\/h:auto\/q:mauto\/ig:avif\/https:\/\/newcbp.lu\/wp-content\/uploads\/2025\/04\/nettoyage-industriel-homepage.png\"  decoding=\"async\" class=\"swiper-slide-image\" src=\"data:image/svg+xml,%3Csvg%20viewBox%3D%220%200%20100%%20100%%22%20width%3D%22100%%22%20height%3D%22100%%22%20xmlns%3D%22http%3A%2F%2Fwww.w3.org%2F2000%2Fsvg%22%3E%3Crect%20width%3D%22100%%22%20height%3D%22100%%22%20fill%3D%22transparent%22%2F%3E%3C%2Fsvg%3E\" alt=\"Nettoyage industriel\" \/><figcaption class=\"elementor-image-carousel-caption\">Nettoyage industriel<\/figcaption><\/figure><\/div><div class=\"swiper-slide\" role=\"group\" aria-roledescription=\"slide\" aria-label=\"6 sur 6\"><figure class=\"swiper-slide-inner\"><img data-opt-id=643913103  data-opt-src=\"https:\/\/mlddeqbzinoo.i.optimole.com\/w:auto\/h:auto\/q:mauto\/ig:avif\/https:\/\/newcbp.lu\/wp-content\/uploads\/2025\/04\/fourniture-industrielle.png\"  decoding=\"async\" class=\"swiper-slide-image\" src=\"data:image/svg+xml,%3Csvg%20viewBox%3D%220%200%20100%%20100%%22%20width%3D%22100%%22%20height%3D%22100%%22%20xmlns%3D%22http%3A%2F%2Fwww.w3.org%2F2000%2Fsvg%22%3E%3Crect%20width%3D%22100%%22%20height%3D%22100%%22%20fill%3D%22transparent%22%2F%3E%3C%2Fsvg%3E\" alt=\"Fourniture industrielle\" \/><figcaption class=\"elementor-image-carousel-caption\">Fourniture industrielle<\/figcaption><\/figure><\/div>\t\t\t<\/div>\n\t\t\t\t\t\t\t\t\t\t\t\t<div class=\"elementor-swiper-button elementor-swiper-button-prev\" role=\"button\" tabindex=\"0\">\n\t\t\t\t\t\t<i aria-hidden=\"true\" class=\"eicon-chevron-left\"><\/i>\t\t\t\t\t<\/div>\n\t\t\t\t\t<div class=\"elementor-swiper-button elementor-swiper-button-next\" role=\"button\" tabindex=\"0\">\n\t\t\t\t\t\t<i aria-hidden=\"true\" class=\"eicon-chevron-right\"><\/i>\t\t\t\t\t<\/div>\n\t\t\t\t\n\t\t\t\t\t\t\t\t\t<div class=\"swiper-pagination\"><\/div>\n\t\t\t\t\t\t\t\t\t<\/div>\n\t\t\t\t\t\t<\/div>\n\t\t\t\t<\/div>\n\t\t\t\t\t<\/div>\n\t\t<\/div>\n\t\t\t\t\t<\/div>\n\t\t<\/section>\n\t\t\t\t<\/div>\n\t\t","protected":false},"excerpt":{"rendered":"<p>Votre partenaire en \u00e9quipements de protection individuelle et fourniture industrielle au Luxembourg Protection de la t\u00eate Protection du corps Protection des mains Protection des pieds Nettoyage industriel Fourniture industrielle<\/p>\n","protected":false},"author":1,"featured_media":0,"parent":0,"menu_order":0,"comment_status":"closed","ping_status":"closed","template":"","meta":{"_exactmetrics_skip_tracking":false,"_exactmetrics_sitenote_active":false,"_exactmetrics_sitenote_note":"","_exactmetrics_sitenote_category":0,"_themeisle_gutenberg_block_has_review":false,"jetpack_post_was_ever_published":false,"footnotes":""},"class_list":["post-7","page","type-page","status-publish","hentry"],"yoast_head":"<!-- This site is optimized with the Yoast SEO plugin v24.9 - https:\/\/yoast.com\/wordpress\/plugins\/seo\/ -->\n<title>Entreprise de vente d&#039;Equipements de Protection Individuelle et de pi\u00e8ces d\u00e9tach\u00e9es pour engins de TP et BTP - New CBP<\/title>\n<meta name=\"description\" content=\"Nous avons la r\u00e9ponse \u00e0 tous vos besoins en Equipements de Protection Individuelle (EPI) et de pi\u00e8ces d\u00e9tach\u00e9es pour engins de TP et BTP !\" \/>\n<meta name=\"robots\" content=\"index, follow, max-snippet:-1, max-image-preview:large, max-video-preview:-1\" \/>\n<link rel=\"canonical\" href=\"https:\/\/newcbp.lu\/\" \/>\n<meta property=\"og:locale\" content=\"fr_FR\" \/>\n<meta property=\"og:type\" content=\"article\" \/>\n<meta property=\"og:title\" content=\"Entreprise de vente d&#039;Equipements de Protection Individuelle et de pi\u00e8ces d\u00e9tach\u00e9es pour engins de TP et BTP - New CBP\" \/>\n<meta property=\"og:description\" content=\"Nous avons la r\u00e9ponse \u00e0 tous vos besoins en Equipements de Protection Individuelle (EPI) et de pi\u00e8ces d\u00e9tach\u00e9es pour engins de TP et BTP !\" \/>\n<meta property=\"og:url\" content=\"https:\/\/newcbp.lu\/\" \/>\n<meta property=\"og:site_name\" content=\"New CBP\" \/>\n<meta property=\"article:modified_time\" content=\"2025-04-25T09:17:43+00:00\" \/>\n<meta property=\"og:image\" content=\"https:\/\/mlddeqbzinoo.i.optimole.com\/w:auto\/h:auto\/q:mauto\/ig:avif\/https:\/\/newcbp.lu\/wp-content\/uploads\/2025\/04\/protection-de-la-tete-1.png\" \/>\n<meta name=\"twitter:card\" content=\"summary_large_image\" \/>\n<meta name=\"twitter:label1\" content=\"Dur\u00e9e de lecture estim\u00e9e\" \/>\n\t<meta name=\"twitter:data1\" content=\"3 minutes\" \/>\n<script type=\"application\/ld+json\" class=\"yoast-schema-graph\">{\"@context\":\"https:\/\/schema.org\",\"@graph\":[{\"@type\":\"WebPage\",\"@id\":\"https:\/\/newcbp.lu\/\",\"url\":\"https:\/\/newcbp.lu\/\",\"name\":\"Entreprise de vente d'Equipements de Protection Individuelle et de pi\u00e8ces d\u00e9tach\u00e9es pour engins de TP et BTP - New CBP\",\"isPartOf\":{\"@id\":\"https:\/\/newcbp.lu\/#website\"},\"primaryImageOfPage\":{\"@id\":\"https:\/\/newcbp.lu\/#primaryimage\"},\"image\":{\"@id\":\"https:\/\/newcbp.lu\/#primaryimage\"},\"thumbnailUrl\":\"https:\/\/mlddeqbzinoo.i.optimole.com\/w:auto\/h:auto\/q:mauto\/ig:avif\/https:\/\/newcbp.lu\/wp-content\/uploads\/2025\/04\/protection-de-la-tete-1.png\",\"datePublished\":\"2018-06-26T13:30:59+00:00\",\"dateModified\":\"2025-04-25T09:17:43+00:00\",\"description\":\"Nous avons la r\u00e9ponse \u00e0 tous vos besoins en Equipements de Protection Individuelle (EPI) et de pi\u00e8ces d\u00e9tach\u00e9es pour engins de TP et BTP !\",\"breadcrumb\":{\"@id\":\"https:\/\/newcbp.lu\/#breadcrumb\"},\"inLanguage\":\"fr-FR\",\"potentialAction\":[{\"@type\":\"ReadAction\",\"target\":[\"https:\/\/newcbp.lu\/\"]}]},{\"@type\":\"ImageObject\",\"inLanguage\":\"fr-FR\",\"@id\":\"https:\/\/newcbp.lu\/#primaryimage\",\"url\":\"https:\/\/mlddeqbzinoo.i.optimole.com\/w:auto\/h:auto\/q:mauto\/ig:avif\/https:\/\/newcbp.lu\/wp-content\/uploads\/2025\/04\/protection-de-la-tete-1.png\",\"contentUrl\":\"https:\/\/mlddeqbzinoo.i.optimole.com\/w:auto\/h:auto\/q:mauto\/ig:avif\/https:\/\/newcbp.lu\/wp-content\/uploads\/2025\/04\/protection-de-la-tete-1.png\",\"width\":996,\"height\":664,\"caption\":\"Protection de la t\u00eate\"},{\"@type\":\"BreadcrumbList\",\"@id\":\"https:\/\/newcbp.lu\/#breadcrumb\",\"itemListElement\":[{\"@type\":\"ListItem\",\"position\":1,\"name\":\"Accueil\",\"item\":\"https:\/\/newcbp.lu\/\"},{\"@type\":\"ListItem\",\"position\":2,\"name\":\"Accueil\"}]},{\"@type\":\"WebSite\",\"@id\":\"https:\/\/newcbp.lu\/#website\",\"url\":\"https:\/\/newcbp.lu\/\",\"name\":\"New CBP\",\"description\":\"Votre partenaire en \u00e9quipements de protection individuelle et fourniture industrielle au Luxembourg\",\"publisher\":{\"@id\":\"https:\/\/newcbp.lu\/#organization\"},\"potentialAction\":[{\"@type\":\"SearchAction\",\"target\":{\"@type\":\"EntryPoint\",\"urlTemplate\":\"https:\/\/newcbp.lu\/?s={search_term_string}\"},\"query-input\":{\"@type\":\"PropertyValueSpecification\",\"valueRequired\":true,\"valueName\":\"search_term_string\"}}],\"inLanguage\":\"fr-FR\"},{\"@type\":\"Organization\",\"@id\":\"https:\/\/newcbp.lu\/#organization\",\"name\":\"New CBP\",\"url\":\"https:\/\/newcbp.lu\/\",\"logo\":{\"@type\":\"ImageObject\",\"inLanguage\":\"fr-FR\",\"@id\":\"https:\/\/newcbp.lu\/#\/schema\/logo\/image\/\",\"url\":\"https:\/\/mlddeqbzinoo.i.optimole.com\/w:auto\/h:auto\/q:mauto\/ig:avif\/https:\/\/newcbp.lu\/wp-content\/uploads\/2025\/04\/logo-newcbp-1.png\",\"contentUrl\":\"https:\/\/mlddeqbzinoo.i.optimole.com\/w:auto\/h:auto\/q:mauto\/ig:avif\/https:\/\/newcbp.lu\/wp-content\/uploads\/2025\/04\/logo-newcbp-1.png\",\"width\":2950,\"height\":820,\"caption\":\"New CBP\"},\"image\":{\"@id\":\"https:\/\/newcbp.lu\/#\/schema\/logo\/image\/\"}}]}<\/script>\n<!-- \/ Yoast SEO plugin. -->","yoast_head_json":{"title":"Entreprise de vente d'Equipements de Protection Individuelle et de pi\u00e8ces d\u00e9tach\u00e9es pour engins de TP et BTP - New CBP","description":"Nous avons la r\u00e9ponse \u00e0 tous vos besoins en Equipements de Protection Individuelle (EPI) et de pi\u00e8ces d\u00e9tach\u00e9es pour engins de TP et BTP !","robots":{"index":"index","follow":"follow","max-snippet":"max-snippet:-1","max-image-preview":"max-image-preview:large","max-video-preview":"max-video-preview:-1"},"canonical":"https:\/\/newcbp.lu\/","og_locale":"fr_FR","og_type":"article","og_title":"Entreprise de vente d'Equipements de Protection Individuelle et de pi\u00e8ces d\u00e9tach\u00e9es pour engins de TP et BTP - New CBP","og_description":"Nous avons la r\u00e9ponse \u00e0 tous vos besoins en Equipements de Protection Individuelle (EPI) et de pi\u00e8ces d\u00e9tach\u00e9es pour engins de TP et BTP !","og_url":"https:\/\/newcbp.lu\/","og_site_name":"New CBP","article_modified_time":"2025-04-25T09:17:43+00:00","og_image":[{"url":"https:\/\/mlddeqbzinoo.i.optimole.com\/w:auto\/h:auto\/q:mauto\/ig:avif\/https:\/\/newcbp.lu\/wp-content\/uploads\/2025\/04\/protection-de-la-tete-1.png","type":"","width":"","height":""}],"twitter_card":"summary_large_image","twitter_misc":{"Dur\u00e9e de lecture estim\u00e9e":"3 minutes"},"schema":{"@context":"https:\/\/schema.org","@graph":[{"@type":"WebPage","@id":"https:\/\/newcbp.lu\/","url":"https:\/\/newcbp.lu\/","name":"Entreprise de vente d'Equipements de Protection Individuelle et de pi\u00e8ces d\u00e9tach\u00e9es pour engins de TP et BTP - New CBP","isPartOf":{"@id":"https:\/\/newcbp.lu\/#website"},"primaryImageOfPage":{"@id":"https:\/\/newcbp.lu\/#primaryimage"},"image":{"@id":"https:\/\/newcbp.lu\/#primaryimage"},"thumbnailUrl":"https:\/\/mlddeqbzinoo.i.optimole.com\/w:auto\/h:auto\/q:mauto\/ig:avif\/https:\/\/newcbp.lu\/wp-content\/uploads\/2025\/04\/protection-de-la-tete-1.png","datePublished":"2018-06-26T13:30:59+00:00","dateModified":"2025-04-25T09:17:43+00:00","description":"Nous avons la r\u00e9ponse \u00e0 tous vos besoins en Equipements de Protection Individuelle (EPI) et de pi\u00e8ces d\u00e9tach\u00e9es pour engins de TP et BTP !","breadcrumb":{"@id":"https:\/\/newcbp.lu\/#breadcrumb"},"inLanguage":"fr-FR","potentialAction":[{"@type":"ReadAction","target":["https:\/\/newcbp.lu\/"]}]},{"@type":"ImageObject","inLanguage":"fr-FR","@id":"https:\/\/newcbp.lu\/#primaryimage","url":"https:\/\/mlddeqbzinoo.i.optimole.com\/w:auto\/h:auto\/q:mauto\/ig:avif\/https:\/\/newcbp.lu\/wp-content\/uploads\/2025\/04\/protection-de-la-tete-1.png","contentUrl":"https:\/\/mlddeqbzinoo.i.optimole.com\/w:auto\/h:auto\/q:mauto\/ig:avif\/https:\/\/newcbp.lu\/wp-content\/uploads\/2025\/04\/protection-de-la-tete-1.png","width":996,"height":664,"caption":"Protection de la t\u00eate"},{"@type":"BreadcrumbList","@id":"https:\/\/newcbp.lu\/#breadcrumb","itemListElement":[{"@type":"ListItem","position":1,"name":"Accueil","item":"https:\/\/newcbp.lu\/"},{"@type":"ListItem","position":2,"name":"Accueil"}]},{"@type":"WebSite","@id":"https:\/\/newcbp.lu\/#website","url":"https:\/\/newcbp.lu\/","name":"New CBP","description":"Votre partenaire en \u00e9quipements de protection individuelle et fourniture industrielle au Luxembourg","publisher":{"@id":"https:\/\/newcbp.lu\/#organization"},"potentialAction":[{"@type":"SearchAction","target":{"@type":"EntryPoint","urlTemplate":"https:\/\/newcbp.lu\/?s={search_term_string}"},"query-input":{"@type":"PropertyValueSpecification","valueRequired":true,"valueName":"search_term_string"}}],"inLanguage":"fr-FR"},{"@type":"Organization","@id":"https:\/\/newcbp.lu\/#organization","name":"New CBP","url":"https:\/\/newcbp.lu\/","logo":{"@type":"ImageObject","inLanguage":"fr-FR","@id":"https:\/\/newcbp.lu\/#\/schema\/logo\/image\/","url":"https:\/\/mlddeqbzinoo.i.optimole.com\/w:auto\/h:auto\/q:mauto\/ig:avif\/https:\/\/newcbp.lu\/wp-content\/uploads\/2025\/04\/logo-newcbp-1.png","contentUrl":"https:\/\/mlddeqbzinoo.i.optimole.com\/w:auto\/h:auto\/q:mauto\/ig:avif\/https:\/\/newcbp.lu\/wp-content\/uploads\/2025\/04\/logo-newcbp-1.png","width":2950,"height":820,"caption":"New CBP"},"image":{"@id":"https:\/\/newcbp.lu\/#\/schema\/logo\/image\/"}}]}},"jetpack_sharing_enabled":true,"jetpack_shortlink":"https:\/\/wp.me\/Pad1iV-7","jetpack-related-posts":[],"_links":{"self":[{"href":"https:\/\/newcbp.lu\/index.php?rest_route=\/wp\/v2\/pages\/7","targetHints":{"allow":["GET"]}}],"collection":[{"href":"https:\/\/newcbp.lu\/index.php?rest_route=\/wp\/v2\/pages"}],"about":[{"href":"https:\/\/newcbp.lu\/index.php?rest_route=\/wp\/v2\/types\/page"}],"author":[{"embeddable":true,"href":"https:\/\/newcbp.lu\/index.php?rest_route=\/wp\/v2\/users\/1"}],"replies":[{"embeddable":true,"href":"https:\/\/newcbp.lu\/index.php?rest_route=%2Fwp%2Fv2%2Fcomments&post=7"}],"version-history":[{"count":52,"href":"https:\/\/newcbp.lu\/index.php?rest_route=\/wp\/v2\/pages\/7\/revisions"}],"predecessor-version":[{"id":633,"href":"https:\/\/newcbp.lu\/index.php?rest_route=\/wp\/v2\/pages\/7\/revisions\/633"}],"wp:attachment":[{"href":"https:\/\/newcbp.lu\/index.php?rest_route=%2Fwp%2Fv2%2Fmedia&parent=7"}],"curies":[{"name":"wp","href":"https:\/\/api.w.org\/{rel}","templated":true}]}}